{"id":31169,"date":"2024-09-12T14:47:16","date_gmt":"2024-09-12T18:47:16","guid":{"rendered":"https:\/\/extrememachine.ca\/?page_id=31169"},"modified":"2024-09-25T13:32:21","modified_gmt":"2024-09-25T17:32:21","slug":"motocross","status":"publish","type":"page","link":"https:\/\/extrememachine.ca\/fr\/produits-occasion\/motocross\/","title":{"rendered":"Nos motocross d&rsquo;occasion"},"content":{"rendered":"<p><span data-sheets-root=\"1\">Explorez notre gamme de motocross d&rsquo;occasion chez Extr\u00eame Machine, o\u00f9 nous proposons des mod\u00e8les robustes et performants de marques de renom telles que Yamaha, Kawasaki et Honda. Que vous soyez un passionn\u00e9 de courses tout-terrain ou \u00e0 la recherche d&rsquo;une motocross fiable pour vos aventures en plein air, nous avons ce qu&rsquo;il vous faut. Chaque motocross est inspect\u00e9 avec soin pour garantir une qualit\u00e9 optimale, afin que vous puissiez profiter pleinement de chaque sortie.<\/span><\/p>\n","protected":false},"excerpt":{"rendered":"<p>Explorez notre gamme de motocross d&rsquo;occasion chez Extr\u00eame Machine, o\u00f9 nous proposons des mod\u00e8les robustes et performants de marques de renom telles que Yamaha, Kawasaki et Honda. Que vous soyez un passionn\u00e9 de courses tout-terrain ou \u00e0 la recherche d&rsquo;une motocross fiable pour vos aventures en plein air, nous avons ce qu&rsquo;il vous faut. Chaque &hellip; <a href=\"https:\/\/extrememachine.ca\/fr\/produits-occasion\/motocross\/\">Suite<\/a><\/p>\n","protected":false},"author":1,"featured_media":0,"parent":303,"menu_order":0,"comment_status":"closed","ping_status":"closed","template":"template-listing-used-products.php","meta":[],"acf":{"contact_form_custom_html_id":"","page_arg_used":true,"page_arg_custom":false,"page_arg_filters_used":[{"field":"category_type","compare":"=","value":"motocross","type":""},{"field":"category","compare":"=","value":"motocyclettes","type":""}]},"_links":{"self":[{"href":"https:\/\/extrememachine.ca\/fr\/wp-json\/wp\/v2\/pages\/31169"}],"collection":[{"href":"https:\/\/extrememachine.ca\/fr\/wp-json\/wp\/v2\/pages"}],"about":[{"href":"https:\/\/extrememachine.ca\/fr\/wp-json\/wp\/v2\/types\/page"}],"author":[{"embeddable":true,"href":"https:\/\/extrememachine.ca\/fr\/wp-json\/wp\/v2\/users\/1"}],"replies":[{"embeddable":true,"href":"https:\/\/extrememachine.ca\/fr\/wp-json\/wp\/v2\/comments?post=31169"}],"version-history":[{"count":12,"href":"https:\/\/extrememachine.ca\/fr\/wp-json\/wp\/v2\/pages\/31169\/revisions"}],"predecessor-version":[{"id":31522,"href":"https:\/\/extrememachine.ca\/fr\/wp-json\/wp\/v2\/pages\/31169\/revisions\/31522"}],"up":[{"embeddable":true,"href":"https:\/\/extrememachine.ca\/fr\/wp-json\/wp\/v2\/pages\/303"}],"wp:attachment":[{"href":"https:\/\/extrememachine.ca\/fr\/wp-json\/wp\/v2\/media?parent=31169"}],"curies":[{"name":"wp","href":"https:\/\/api.w.org\/{rel}","templated":true}]}}